{"id":1542,"date":"2024-11-19T11:22:26","date_gmt":"2024-11-19T10:22:26","guid":{"rendered":"https:\/\/https:\/\/www.fermedespetitesoreilles.fr\/les-chambres-dhotes\/"},"modified":"2025-09-16T14:29:44","modified_gmt":"2025-09-16T12:29:44","slug":"the-guest-rooms","status":"publish","type":"page","link":"https:\/\/www.fermedespetitesoreilles.fr\/en\/the-guest-rooms\/","title":{"rendered":"The Guest Rooms"},"content":{"rendered":"<div class=\"fusion-fullwidth fullwidth-box fusion-builder-row-1 fusion-flex-container has-pattern-background has-mask-background nonhundred-percent-fullwidth non-hundred-percent-height-scrolling\" style=\"--awb-border-radius-top-left:0px;--awb-border-radius-top-right:0px;--awb-border-radius-bottom-right:0px;--awb-border-radius-bottom-left:0px;--awb-flex-wrap:wrap;\" ><div class=\"fusion-builder-row fusion-row fusion-flex-align-items-flex-start fusion-flex-justify-content-center fusion-flex-content-wrap\" style=\"max-width:1456px;margin-left: calc(-4% \/ 2 );margin-right: calc(-4% \/ 2 );\"><div class=\"fusion-layout-column fusion_builder_column fusion-builder-column-0 fusion_builder_column_1_1 1_1 fusion-flex-column\" style=\"--awb-padding-bottom:30px;--awb-bg-size:cover;--awb-width-large:100%;--awb-margin-top-large:0px;--awb-spacing-right-large:1.92%;--awb-margin-bottom-large:20px;--awb-spacing-left-large:1.92%;--awb-width-medium:100%;--awb-order-medium:0;--awb-spacing-right-medium:1.92%;--awb-spacing-left-medium:1.92%;--awb-width-small:100%;--awb-order-small:0;--awb-spacing-right-small:1.92%;--awb-spacing-left-small:1.92%;\" data-scroll-devices=\"small-visibility,medium-visibility,large-visibility\"><div class=\"fusion-column-wrapper fusion-column-has-shadow fusion-flex-justify-content-flex-start fusion-content-layout-column\"><div class=\"fusion-title title fusion-title-1 fusion-title-center fusion-title-text fusion-title-size-one\"><div class=\"title-sep-container title-sep-container-left\"><div class=\"title-sep sep-single sep-solid\" style=\"border-color:#e0dede;\"><\/div><\/div><span class=\"awb-title-spacer\"><\/span><h1 class=\"fusion-title-heading title-heading-center\" style=\"margin:0;\">1 Suite and 2 guest rooms in Montignac-Lascaux<span class=\"stitle\">in the heart of a vast estate with swimming pool<\/span><\/h1><span class=\"awb-title-spacer\"><\/span><div class=\"title-sep-container title-sep-container-right\"><div class=\"title-sep sep-single sep-solid\" style=\"border-color:#e0dede;\"><\/div><\/div><\/div><\/div><\/div><div class=\"fusion-layout-column fusion_builder_column fusion-builder-column-1 fusion_builder_column_1_2 1_2 fusion-flex-column\" style=\"--awb-bg-size:cover;--awb-width-large:50%;--awb-margin-top-large:0px;--awb-spacing-right-large:3.84%;--awb-margin-bottom-large:20px;--awb-spacing-left-large:3.84%;--awb-width-medium:100%;--awb-order-medium:0;--awb-spacing-right-medium:1.92%;--awb-spacing-left-medium:1.92%;--awb-width-small:100%;--awb-order-small:0;--awb-spacing-right-small:1.92%;--awb-spacing-left-small:1.92%;\"><div class=\"fusion-column-wrapper fusion-column-has-shadow fusion-flex-justify-content-flex-start fusion-content-layout-column\"><div class=\"fusion-text fusion-text-1\"><p>Our 2 guest rooms and our beautiful Safari suite offer you an authentic setting to settle in comfortably, relax and fully enjoy the calm, nature, and the many animals that give a soft and magical soul to this place while benefiting from the proximity of the city.<\/p>\n<p>Out of love for animals, we chose the theme of endangered animals for the names of our three guest rooms: <a href=\"https:\/\/www.fermedespetitesoreilles.fr\/en\/the-guest-rooms\/mustangs-room\/\">Mustangs<\/a>, <a href=\"https:\/\/www.fermedespetitesoreilles.fr\/en\/the-guest-rooms\/elephants-room\/\">Elephants<\/a> and <a href=\"https:\/\/www.fermedespetitesoreilles.fr\/en\/the-guest-rooms\/safari-suite\/\">Rhinoceros<\/a>.<\/p>\n<p>You will appreciate the equipment at your disposal in each of the rooms: coffee maker, kettle, tea, chocolates, hairdryer, bathrobe, organic soap and shampoo.<\/p>\n<\/div><\/div><\/div><div class=\"fusion-layout-column fusion_builder_column fusion-builder-column-2 fusion_builder_column_1_2 1_2 fusion-flex-column\" style=\"--awb-bg-size:cover;--awb-width-large:50%;--awb-margin-top-large:0px;--awb-spacing-right-large:3.84%;--awb-margin-bottom-large:20px;--awb-spacing-left-large:3.84%;--awb-width-medium:100%;--awb-order-medium:0;--awb-spacing-right-medium:1.92%;--awb-spacing-left-medium:1.92%;--awb-width-small:100%;--awb-order-small:0;--awb-spacing-right-small:1.92%;--awb-spacing-left-small:1.92%;\"><div class=\"fusion-column-wrapper fusion-column-has-shadow fusion-flex-justify-content-flex-start fusion-content-layout-column\"><div class=\"fusion-text fusion-text-2\"><p>Your breakfast will be served indoors in the kitchen or in the garden between 8:00 and 10:00.<\/p>\n<\/div><div class=\"fusion-builder-row fusion-builder-row-inner fusion-row fusion-flex-align-items-flex-start fusion-flex-justify-content-center fusion-flex-content-wrap\" style=\"width:104% !important;max-width:104% !important;margin-left: calc(-4% \/ 2 );margin-right: calc(-4% \/ 2 );\"><div class=\"fusion-layout-column fusion_builder_column_inner fusion-builder-nested-column-0 fusion_builder_column_inner_1_5 1_5 fusion-flex-column\" style=\"--awb-bg-size:cover;--awb-width-large:20%;--awb-margin-top-large:0px;--awb-spacing-right-large:9.6%;--awb-margin-bottom-large:20px;--awb-spacing-left-large:9.6%;--awb-width-medium:100%;--awb-order-medium:0;--awb-spacing-right-medium:1.92%;--awb-spacing-left-medium:1.92%;--awb-width-small:100%;--awb-order-small:0;--awb-spacing-right-small:1.92%;--awb-spacing-left-small:1.92%;\"><div class=\"fusion-column-wrapper fusion-column-has-shadow fusion-flex-justify-content-flex-start fusion-content-layout-column\"><div class=\"fusion-image-element \" style=\"--awb-caption-title-font-family:var(--h2_typography-font-family);--awb-caption-title-font-weight:var(--h2_typography-font-weight);--awb-caption-title-font-style:var(--h2_typography-font-style);--awb-caption-title-size:var(--h2_typography-font-size);--awb-caption-title-transform:var(--h2_typography-text-transform);--awb-caption-title-line-height:var(--h2_typography-line-height);--awb-caption-title-letter-spacing:var(--h2_typography-letter-spacing);\"><span class=\" fusion-imageframe imageframe-none imageframe-1 hover-type-none\"><a href=\"https:\/\/www.fermedespetitesoreilles.fr\/wp-content\/uploads\/plateau-charcuterie-fromage.jpg\" class=\"fusion-lightbox\" data-rel=\"iLightbox[0b8f741baad70120cbd]\" data-title=\"Charcuterie and Cheese Platter for the evening\" title=\"Charcuterie and Cheese Platter for the evening\"><img decoding=\"async\" width=\"150\" height=\"150\" alt=\"Charcuterie and Cheese Platter for the evening\" src=\"https:\/\/www.fermedespetitesoreilles.fr\/wp-content\/uploads\/plateau-charcuterie-fromage.jpg\" data-orig-src=\"https:\/\/www.fermedespetitesoreilles.fr\/wp-content\/uploads\/plateau-charcuterie-fromage-150x150.jpg\" class=\"lazyload img-responsive wp-image-2744\" srcset=\"data:image\/svg+xml,%3Csvg%20xmlns%3D%27http%3A%2F%2Fwww.w3.org%2F2000%2Fsvg%27%20width%3D%27765%27%20height%3D%27765%27%20viewBox%3D%270%200%20765%20765%27%3E%3Crect%20width%3D%27765%27%20height%3D%27765%27%20fill-opacity%3D%220%22%2F%3E%3C%2Fsvg%3E\" data-srcset=\"https:\/\/www.fermedespetitesoreilles.fr\/wp-content\/uploads\/plateau-charcuterie-fromage-200x200.jpg 200w, https:\/\/www.fermedespetitesoreilles.fr\/wp-content\/uploads\/plateau-charcuterie-fromage-400x400.jpg 400w, https:\/\/www.fermedespetitesoreilles.fr\/wp-content\/uploads\/plateau-charcuterie-fromage-600x600.jpg 600w, https:\/\/www.fermedespetitesoreilles.fr\/wp-content\/uploads\/plateau-charcuterie-fromage.jpg 765w\" data-sizes=\"auto\" data-orig-sizes=\"(max-width: 1024px) 100vw, (max-width: 640px) 100vw, 400px\" \/><\/a><\/span><\/div><\/div><\/div><div class=\"fusion-layout-column fusion_builder_column_inner fusion-builder-nested-column-1 fusion_builder_column_inner_4_5 4_5 fusion-flex-column\" style=\"--awb-bg-size:cover;--awb-width-large:80%;--awb-margin-top-large:0px;--awb-spacing-right-large:2.4%;--awb-margin-bottom-large:20px;--awb-spacing-left-large:2.4%;--awb-width-medium:100%;--awb-order-medium:0;--awb-spacing-right-medium:1.92%;--awb-spacing-left-medium:1.92%;--awb-width-small:100%;--awb-order-small:0;--awb-spacing-right-small:1.92%;--awb-spacing-left-small:1.92%;\"><div class=\"fusion-column-wrapper fusion-column-has-shadow fusion-flex-justify-content-flex-start fusion-content-layout-column\"><div class=\"fusion-text fusion-text-3\"><p>If you don't want to go out to dinner in the evening, you can reserve a charcuterie and cheese platter from our cheesemaker (\u20ac15\/person). We must reserve this at least 24 hours before your arrival.<\/p>\n<\/div><\/div><\/div><\/div><\/div><\/div><div class=\"fusion-layout-column fusion_builder_column fusion-builder-column-3 fusion_builder_column_3_5 3_5 fusion-flex-column\" style=\"--awb-bg-size:cover;--awb-width-large:60%;--awb-margin-top-large:0px;--awb-spacing-right-large:3.2%;--awb-margin-bottom-large:20px;--awb-spacing-left-large:3.2%;--awb-width-medium:100%;--awb-order-medium:0;--awb-spacing-right-medium:1.92%;--awb-spacing-left-medium:1.92%;--awb-width-small:100%;--awb-order-small:0;--awb-spacing-right-small:1.92%;--awb-spacing-left-small:1.92%;\"><div class=\"fusion-column-wrapper fusion-column-has-shadow fusion-flex-justify-content-flex-start fusion-content-layout-column\"><div class=\"fusion-builder-row fusion-builder-row-inner fusion-row fusion-flex-align-items-flex-start fusion-flex-justify-content-center fusion-flex-content-wrap\" style=\"width:104% !important;max-width:104% !important;margin-left: calc(-4% \/ 2 );margin-right: calc(-4% \/ 2 );\"><div class=\"fusion-layout-column fusion_builder_column_inner fusion-builder-nested-column-2 fusion_builder_column_inner_1_6 1_6 fusion-flex-column fusion-flex-align-self-center\" style=\"--awb-bg-size:cover;--awb-width-large:16.666666666667%;--awb-margin-top-large:0px;--awb-spacing-right-large:11.52%;--awb-margin-bottom-large:20px;--awb-spacing-left-large:11.52%;--awb-width-medium:100%;--awb-order-medium:0;--awb-spacing-right-medium:1.92%;--awb-spacing-left-medium:1.92%;--awb-width-small:100%;--awb-order-small:0;--awb-spacing-right-small:1.92%;--awb-spacing-left-small:1.92%;\" data-scroll-devices=\"small-visibility,medium-visibility,large-visibility\"><div class=\"fusion-column-wrapper fusion-column-has-shadow fusion-flex-justify-content-flex-start fusion-content-layout-column\"><div class=\"fusion-image-element \" style=\"--awb-caption-title-font-family:var(--h2_typography-font-family);--awb-caption-title-font-weight:var(--h2_typography-font-weight);--awb-caption-title-font-style:var(--h2_typography-font-style);--awb-caption-title-size:var(--h2_typography-font-size);--awb-caption-title-transform:var(--h2_typography-text-transform);--awb-caption-title-line-height:var(--h2_typography-line-height);--awb-caption-title-letter-spacing:var(--h2_typography-letter-spacing);\"><span class=\" fusion-imageframe imageframe-none imageframe-2 hover-type-none\"><img decoding=\"async\" width=\"149\" height=\"113\" alt=\"Chambre d&#039;h\u00f4tes R\u00e9f\u00e9rence\" title=\"Chambre d&#8217;h\u00f4tes R\u00e9f\u00e9rence\" src=\"data:image\/svg+xml,%3Csvg%20xmlns%3D%27http%3A%2F%2Fwww.w3.org%2F2000%2Fsvg%27%20width%3D%27149%27%20height%3D%27113%27%20viewBox%3D%270%200%20149%20113%27%3E%3Crect%20width%3D%27149%27%20height%3D%27113%27%20fill-opacity%3D%220%22%2F%3E%3C%2Fsvg%3E\" data-orig-src=\"https:\/\/www.fermedespetitesoreilles.fr\/wp-content\/uploads\/chambre-d-hote-reference-01.jpg\" class=\"lazyload img-responsive wp-image-2218\"\/><\/span><\/div><\/div><\/div><div class=\"fusion-layout-column fusion_builder_column_inner fusion-builder-nested-column-3 fusion_builder_column_inner_3_4 3_4 fusion-flex-column fusion-flex-align-self-center bloc-infos\" style=\"--awb-bg-size:cover;--awb-width-large:75%;--awb-margin-top-large:0px;--awb-spacing-right-large:2.56%;--awb-margin-bottom-large:20px;--awb-spacing-left-large:2.56%;--awb-width-medium:100%;--awb-order-medium:0;--awb-spacing-right-medium:1.92%;--awb-spacing-left-medium:1.92%;--awb-width-small:100%;--awb-order-small:0;--awb-spacing-right-small:1.92%;--awb-spacing-left-small:1.92%;\" data-scroll-devices=\"small-visibility,medium-visibility,large-visibility\"><div class=\"fusion-column-wrapper fusion-column-has-shadow fusion-flex-justify-content-flex-start fusion-content-layout-column\"><div class=\"fusion-text fusion-text-4\"><p style=\"text-align: center;\">We are now labeled \u201cReference Bed and Breakfast\u201d.<\/p>\n<\/div><\/div><\/div><\/div><\/div><\/div><div class=\"fusion-layout-column fusion_builder_column fusion-builder-column-4 fusion_builder_column_1_1 1_1 fusion-flex-column childs-page-liste\" style=\"--awb-bg-size:cover;--awb-width-large:100%;--awb-margin-top-large:30px;--awb-spacing-right-large:1.92%;--awb-margin-bottom-large:20px;--awb-spacing-left-large:1.92%;--awb-width-medium:100%;--awb-order-medium:0;--awb-spacing-right-medium:1.92%;--awb-spacing-left-medium:1.92%;--awb-width-small:100%;--awb-order-small:0;--awb-spacing-right-small:1.92%;--awb-spacing-left-small:1.92%;\" data-scroll-devices=\"small-visibility,medium-visibility,large-visibility\"><div class=\"fusion-column-wrapper fusion-column-has-shadow fusion-flex-justify-content-flex-start fusion-content-layout-column\"><div class=\"fusion-title title fusion-title-2 fusion-title-center fusion-title-text fusion-title-size-two\"><div class=\"title-sep-container title-sep-container-left\"><div class=\"title-sep sep-single sep-solid\" style=\"border-color:#e0dede;\"><\/div><\/div><span class=\"awb-title-spacer\"><\/span><h2 class=\"fusion-title-heading title-heading-center\" style=\"margin:0;\">The 2 Guest Rooms and the Suite<span class=\"stitle\">From September to June<\/span><\/h2><span class=\"awb-title-spacer\"><\/span><div class=\"title-sep-container title-sep-container-right\"><div class=\"title-sep sep-single sep-solid\" style=\"border-color:#e0dede;\"><\/div><\/div><\/div><div class=\"fusion-separator fusion-full-width-sep\" style=\"align-self: center;margin-left: auto;margin-right: auto;margin-top:30px;width:100%;\"><\/div>        <style>\n\t\t\t#childs { display:flex !important; flex-wrap: wrap; justify-content: center; text-align:center }\n\t\t\t#childs article { margin:10px; float:none; position:relative; background-size:cover !important; background-position:center center !important }\n\t\t\t#childs a { display:block; width:100%; height:100% }\n\t\t\t#childs article.fusion-post-grid { width: 420px !important; border-radius:3px !important }\t\t\t\n\t\t\tarticle { background:transparent !important }\n\t\t\tarticle .fusion-title { background-color:#fff; display:block !important; position:relative; margin:0px !important; position: relative; margin: 0px !important; padding: 15px; font-size: 22px !important; text-align:center !important; width:100%; border-radius:3px !important }\n\t\t\tarticle .fusion-title span { position:absolute; bottom:2px; left:0; right:0; margin:0 auto; display:block; font-size:14px }\n\t\t\tarticle .fusion-column-wrapper { border-radius:3px !important; box-shadow: 0 0 8px rgba(0,0,0,0.2) !important; z-index:-1; background:#fff !important }\n\t\t\tarticle i { display:block; font-size: 28px; margin-bottom:5px }\n\t\t\tarticle i:last-of-type { margin-left:15px }\n\t\t\tarticle .fusion-image-element { border-radius:0 0 3px 3px; overflow:hidden; position:relative }\n\t\t\tarticle .fusion-image-element:after { content: \"\"; position: absolute; bottom: 0px; left: 0; width: 100%; height: 130px; z-index: 1;\n\t\t\tbackground: -moz-linear-gradient(top, rgba(0, 0, 0, 0) 0%, rgba(0, 0, 0, 0.62) 100%); background: -webkit-linear-gradient(top, rgba(0, 0, 0, 0) 0%, rgba(0, 0, 0, 0.62) 100%); background: linear-gradient(to bottom, rgba(0, 0, 0, 0) 0%, rgba(0, 0, 0, 0.62) 100%); filter: progid:DXImageTransform.Microsoft.gradient( startColorstr='#00000000', endColorstr='#6b000000',GradientType=0 ) }\n\t\t\tarticle img { transition:0.6s }\n\t\t\tarticle:hover img {  filter: brightness(1.1); transform: scale(1.03) }\n\t\t\t.child-extrait { position: absolute; width: 100%; font-size: 19px; z-index: 10; right: 0; bottom: 50px; width: 100%; height: 40px; display: flex; align-items: center; color: #fff; justify-content: center; border-radius: 0 0 5px 5px !important; text-align: center; flex-wrap: wrap }\n\t\t\t.child-extrait span { display:block; padding:5px 30px; width:50% }\n\t\t\t\n\t\t\t@media screen and (max-width: 768px) {\n\t\t\t\t.child-extrait span { padding:5px 10px }\n\t\t\t\t.child-extrait { bottom:80px }\n\t\t\t}\n\t\t\t.childs-page-liste #childs article.fusion-post-grid { border:1px solid rgba(0,0,0,0.2); border-radius:2px }\n\t\t\t.child-extrait span:first-of-type { border-right:1px solid }\t\t\t\n\t\t\t\/* menu bas de pages *\/\n\t\t\t\/*\n\t\t\tbody.one-page #childs.menubdp article { margin:5px }\n\t\t\tbody.one-page #childs.menubdp article.fusion-post-grid { width: 250px !important; height: 160px !important }\n\t\t\tbody.one-page #childs.menubdp article.fusion-post-grid .h2 { position:relative; margin:0px !important; padding:15px }\n\t\t\tbody.one-page #childs.menubdp article.fusion-post-grid .fusion-button { display:none !important }\n\t\t\tbody.one-page #childs.menubdp .child-extrait { font-size:15px; padding: 10px 15px !important } \t\t\t\n\t\t\tbody.one-page #childs.menubdp .child-extrait i { font-size:24px; margin-right:10px }\n\t\t\tbody.one-page #childs.menubdp .child-extrait span { font-size:22px }\n\t\t\tbody.one-page #childs.menubdp .child-extrait li { margin-bottom:5px }\n\t\t\t#childs a:hover .over { opacity:1 }\n\t\t\t*\/\n\t\t<\/style>                \n        <div id=\"childs\" class=\"fusion-posts-container fusion-posts-container-no \">\n\t\t\t    \n        <article id=\"post-1531\" class=\"fusion-post-grid post-1531 order:10\">\n            <a href=\"https:\/\/www.fermedespetitesoreilles.fr\/en\/the-guest-rooms\/mustangs-room\/\">\n                <div class=\"fusion-title\">Mustangs Room<\/div>\n                <div class=\"fusion-image-element\"><img decoding=\"async\" width=\"600\" height=\"560\" src=\"data:image\/svg+xml,%3Csvg%20xmlns%3D%27http%3A%2F%2Fwww.w3.org%2F2000%2Fsvg%27%20width%3D%272000%27%20height%3D%27560%27%20viewBox%3D%270%200%202000%20560%27%3E%3Crect%20width%3D%272000%27%20height%3D%27560%27%20fill-opacity%3D%220%22%2F%3E%3C%2Fsvg%3E\" class=\"attachment-size-gallery3 size-size-gallery3 lazyload\" alt=\"The Mustangs B&amp;B room\" data-orig-src=\"https:\/\/www.fermedespetitesoreilles.fr\/wp-content\/uploads\/slider-pages-mustangs-600x560.jpg\" \/><\/div>\n                <div class=\"child-extrait\">\n                    <span><i class=\"picto-surface\"><\/i>Area 35 sq.m<\/span>\n                    <span><i class=\"picto-user1\"><\/i>2 people<\/span>\n                <\/div>\n               <div class=\"over\"><\/div>\n            <\/a>                \n        <\/article>\n        \n        <article id=\"post-1529\" class=\"fusion-post-grid post-1529 order:20\">\n            <a href=\"https:\/\/www.fermedespetitesoreilles.fr\/en\/the-guest-rooms\/elephants-room\/\">\n                <div class=\"fusion-title\">Elephants Room<\/div>\n                <div class=\"fusion-image-element\"><img decoding=\"async\" width=\"600\" height=\"560\" src=\"data:image\/svg+xml,%3Csvg%20xmlns%3D%27http%3A%2F%2Fwww.w3.org%2F2000%2Fsvg%27%20width%3D%272000%27%20height%3D%27560%27%20viewBox%3D%270%200%202000%20560%27%3E%3Crect%20width%3D%272000%27%20height%3D%27560%27%20fill-opacity%3D%220%22%2F%3E%3C%2Fsvg%3E\" class=\"attachment-size-gallery3 size-size-gallery3 lazyload\" alt=\"The Elephant B&amp;B room\" data-orig-src=\"https:\/\/www.fermedespetitesoreilles.fr\/wp-content\/uploads\/slider-pages-elephants-600x560.jpg\" \/><\/div>\n                <div class=\"child-extrait\">\n                    <span><i class=\"picto-surface\"><\/i>Area 45 sq.m<\/span>\n                    <span><i class=\"picto-user1\"><\/i>2 to 5 people<\/span>\n                <\/div>\n               <div class=\"over\"><\/div>\n            <\/a>                \n        <\/article>\n        \n        <article id=\"post-1527\" class=\"fusion-post-grid post-1527 order:30\">\n            <a href=\"https:\/\/www.fermedespetitesoreilles.fr\/en\/the-guest-rooms\/safari-suite\/\">\n                <div class=\"fusion-title\">Safari Suite<\/div>\n                <div class=\"fusion-image-element\"><img decoding=\"async\" width=\"600\" height=\"560\" src=\"data:image\/svg+xml,%3Csvg%20xmlns%3D%27http%3A%2F%2Fwww.w3.org%2F2000%2Fsvg%27%20width%3D%272000%27%20height%3D%27560%27%20viewBox%3D%270%200%202000%20560%27%3E%3Crect%20width%3D%272000%27%20height%3D%27560%27%20fill-opacity%3D%220%22%2F%3E%3C%2Fsvg%3E\" class=\"attachment-size-gallery3 size-size-gallery3 lazyload\" alt=\"Suite Safari | Chambre des Rhinoc\u00e9ros\" data-orig-src=\"https:\/\/www.fermedespetitesoreilles.fr\/wp-content\/uploads\/slider-pages-safari-02-600x560.jpg\" \/><\/div>\n                <div class=\"child-extrait\">\n                    <span><i class=\"picto-surface\"><\/i>Area 66sq.m<\/span>\n                    <span><i class=\"picto-user1\"><\/i>2 to 7 people<\/span>\n                <\/div>\n               <div class=\"over\"><\/div>\n            <\/a>                \n        <\/article>\n            <\/div>\n\t\t<div class=\"fusion-separator fusion-full-width-sep\" style=\"align-self: center;margin-left: auto;margin-right: auto;margin-top:30px;width:100%;\"><\/div><\/div><\/div><div class=\"fusion-layout-column fusion_builder_column fusion-builder-column-5 fusion_builder_column_1_2 1_2 fusion-flex-column\" style=\"--awb-bg-size:cover;--awb-width-large:50%;--awb-margin-top-large:30px;--awb-spacing-right-large:3.84%;--awb-margin-bottom-large:20px;--awb-spacing-left-large:3.84%;--awb-width-medium:100%;--awb-order-medium:0;--awb-spacing-right-medium:1.92%;--awb-spacing-left-medium:1.92%;--awb-width-small:100%;--awb-order-small:0;--awb-spacing-right-small:1.92%;--awb-spacing-left-small:1.92%;\" data-scroll-devices=\"small-visibility,medium-visibility,large-visibility\"><div class=\"fusion-column-wrapper fusion-column-has-shadow fusion-flex-justify-content-flex-start fusion-content-layout-column\"><div class=\"fusion-text fusion-text-5\"><p><strong>Terms<\/strong><\/p>\n<ul>\n<li>Animals are not accepted, except very nice small dogs<\/li>\n<li>Arrival from 4:30 p.m.<\/li>\n<li>Departure at 11 a.m. maximum<\/li>\n<\/ul>\n<p><strong>Payment methods<\/strong><\/p>\n<ul>\n<li>Cash, check, bank transfer and PayPal accepted<\/li>\n<li>Holiday vouchers and credit cards not accepted<\/li>\n<\/ul>\n<\/div><\/div><\/div><div class=\"fusion-layout-column fusion_builder_column fusion-builder-column-6 fusion_builder_column_2_5 2_5 fusion-flex-column bloc-infos\" style=\"--awb-bg-size:cover;--awb-width-large:40%;--awb-margin-top-large:30px;--awb-spacing-right-large:4.8%;--awb-margin-bottom-large:20px;--awb-spacing-left-large:4.8%;--awb-width-medium:100%;--awb-order-medium:0;--awb-spacing-right-medium:1.92%;--awb-spacing-left-medium:1.92%;--awb-width-small:100%;--awb-order-small:0;--awb-spacing-right-small:1.92%;--awb-spacing-left-small:1.92%;\" data-scroll-devices=\"small-visibility,medium-visibility,large-visibility\"><div class=\"fusion-column-wrapper fusion-column-has-shadow fusion-flex-justify-content-flex-start fusion-content-layout-column\"><div class=\"fusion-text fusion-text-6\"><p><strong><i class=\"picto-carte-cadeau\" style=\"font-size: 60px; vertical-align: middle;\"><\/i> GIFT CARD<\/strong><\/p>\n<p>A sure-fire way to please, <strong>offer a gift card<\/strong> for a stay in a <strong>guest room<\/strong>, in the <strong>cottage<\/strong>, or for a <strong>Truffle Weekend<\/strong> at the Ferme des Petites Oreilles.<\/p>\n<p><a href=\"https:\/\/www.fermedespetitesoreilles.fr\/en\/booking-access\/\">Contact us!<\/a><\/p>\n<\/div><\/div><\/div><\/div><\/div>\n","protected":false},"excerpt":{"rendered":"","protected":false},"author":1,"featured_media":1827,"parent":0,"menu_order":0,"comment_status":"closed","ping_status":"closed","template":"","meta":{"footnotes":""},"class_list":["post-1542","page","type-page","status-publish","has-post-thumbnail","hentry"],"_links":{"self":[{"href":"https:\/\/www.fermedespetitesoreilles.fr\/en\/wp-json\/wp\/v2\/pages\/1542","targetHints":{"allow":["GET"]}}],"collection":[{"href":"https:\/\/www.fermedespetitesoreilles.fr\/en\/wp-json\/wp\/v2\/pages"}],"about":[{"href":"https:\/\/www.fermedespetitesoreilles.fr\/en\/wp-json\/wp\/v2\/types\/page"}],"author":[{"embeddable":true,"href":"https:\/\/www.fermedespetitesoreilles.fr\/en\/wp-json\/wp\/v2\/users\/1"}],"replies":[{"embeddable":true,"href":"https:\/\/www.fermedespetitesoreilles.fr\/en\/wp-json\/wp\/v2\/comments?post=1542"}],"version-history":[{"count":10,"href":"https:\/\/www.fermedespetitesoreilles.fr\/en\/wp-json\/wp\/v2\/pages\/1542\/revisions"}],"predecessor-version":[{"id":2756,"href":"https:\/\/www.fermedespetitesoreilles.fr\/en\/wp-json\/wp\/v2\/pages\/1542\/revisions\/2756"}],"wp:featuredmedia":[{"embeddable":true,"href":"https:\/\/www.fermedespetitesoreilles.fr\/en\/wp-json\/wp\/v2\/media\/1827"}],"wp:attachment":[{"href":"https:\/\/www.fermedespetitesoreilles.fr\/en\/wp-json\/wp\/v2\/media?parent=1542"}],"curies":[{"name":"wp","href":"https:\/\/api.w.org\/{rel}","templated":true}]}}